{"id":76,"date":"2025-01-31T09:09:46","date_gmt":"2025-01-31T09:09:46","guid":{"rendered":"http:\/\/shipex-demo.pbminfotech.com\/demo1\/?page_id=6936"},"modified":"2025-07-02T14:53:56","modified_gmt":"2025-07-02T14:53:56","slug":"sobre","status":"publish","type":"page","link":"https:\/\/alzak.com\/es\/sobre\/","title":{"rendered":"Sobre"},"content":{"rendered":"<div data-elementor-type=\"wp-page\" data-elementor-id=\"76\" class=\"elementor elementor-76\" data-elementor-post-type=\"page\">\n\t\t\t\t<div class=\"elementor-element elementor-element-431335c e-con-full pbmit-bg-color-over-image e-flex e-con e-parent\" data-id=\"431335c\" data-element_type=\"container\">\n\t\t\t\t<div class=\"elementor-element elementor-element-641288c6 elementor-view-stacked elementor-widget__width-auto elementor-absolute elementor-shape-circle elementor-widget elementor-widget-icon\" data-id=\"641288c6\" data-element_type=\"widget\" data-settings=\"{&quot;_position&quot;:&quot;absolute&quot;}\" data-widget_type=\"icon.default\">\n\t\t\t\t<div class=\"elementor-widget-container\">\n\t\t\t\t\t\t\t<div class=\"elementor-icon-wrapper\">\n\t\t\t<a class=\"elementor-icon\" href=\"#pbmit-about\">\n\t\t\t<i aria-hidden=\"true\" class=\"pbmit-shipex-icon pbmit-shipex-icon-arrow-down-1\"><\/i>\t\t\t<\/a>\n\t\t<\/div>\n\t\t\t\t\t\t<\/div>\n\t\t\t\t<\/div>\n\t\t<div class=\"elementor-element elementor-element-1527a002 e-con-full pbmit-slider-shape pbmit-bg-color-over-image e-flex e-con e-child\" data-id=\"1527a002\" data-element_type=\"container\">\n\t\t<div class=\"elementor-element elementor-element-3568fbfc e-con-full pbmit-bg-color-yes pbmit-elementor-bg-color-blackish pbmit-bg-image-over-color pbmit-text-color-white pbmit-slider-shape-left e-flex e-con e-child\" data-id=\"3568fbfc\" data-element_type=\"container\" data-settings=\"{&quot;background_background&quot;:&quot;classic&quot;}\">\n\t\t\t\t<div class=\"elementor-element elementor-element-6060b7b5 elementor-widget elementor-widget-pbmit_heading\" data-id=\"6060b7b5\" data-element_type=\"widget\" data-widget_type=\"pbmit_heading.default\">\n\t\t\t\t<div class=\"elementor-widget-container\">\n\t\t\t\t\t <div class=\"pbmit-heading-subheading pbmit-reverse-heading-yes\"><h4 class=\"pbmit-element-subtitle\"><span>\r\n\t\t\t\t<\/span>\r\n\t\t\t\t\r\n\t\t\t\t\tSomos Alzak Trading\r\n\t\t\t\t\r\n\t\t\t\t<\/h4>\r\n\t\t\t<h2 class=\"pbmit-element-title\">\r\n\t\t\t\t\r\n\t\t\t\t\t una empresa internacional de comercio general con sede en Dubai.\r\n\t\t\t\t\r\n\t\t\t\t<\/h2>\r\n\t\t\t<div class=\"pbmit-heading-desc\">actuando desde 2019 como facilitador global de negocios entre Am\u00e9rica Latina, Oriente Medio y Asia - con una destacada presencia en China.<\/div><\/div>\t\t\t\t<\/div>\n\t\t\t\t<\/div>\n\t\t\t\t<\/div>\n\t\t<div class=\"elementor-element elementor-element-7d683866 e-con-full pbmit-slider-shape-right pbmit-bg-color-over-image e-flex e-con e-child\" data-id=\"7d683866\" data-element_type=\"container\" data-settings=\"{&quot;background_background&quot;:&quot;classic&quot;}\">\n\t\t\t\t<div class=\"elementor-element elementor-element-615c234f elementor-widget elementor-widget-spacer\" data-id=\"615c234f\" data-element_type=\"widget\" data-widget_type=\"spacer.default\">\n\t\t\t\t<div class=\"elementor-widget-container\">\n\t\t\t\t\t\t\t<div class=\"elementor-spacer\">\n\t\t\t<div class=\"elementor-spacer-inner\"><\/div>\n\t\t<\/div>\n\t\t\t\t\t\t<\/div>\n\t\t\t\t<\/div>\n\t\t\t\t<\/div>\n\t\t\t\t<\/div>\n\t\t\t\t<\/div>\n\t\t<div class=\"elementor-element elementor-element-1464e2df pbmit-bg-color-over-image e-flex e-con-boxed e-con e-parent\" data-id=\"1464e2df\" data-element_type=\"container\">\n\t\t\t\t\t<div class=\"e-con-inner\">\n\t\t\t\t<div class=\"elementor-element elementor-element-61da26f8 pbmit-ele-header-align-center elementor-widget elementor-widget-pbmit_multiple_icon_heading\" data-id=\"61da26f8\" data-element_type=\"widget\" data-widget_type=\"pbmit_multiple_icon_heading.default\">\n\t\t\t\t<div class=\"elementor-widget-container\">\n\t\t\t\t\t\t\t\t<div class=\"pbminfotech-element\t\t\t\tpbminfotech-element-miconheading\t\t\t\tpbmit-element-miconheading-style-1\t\t\t\tpbmit-element-viewtype-carousel\t\t\t\tpbmit-element-column-four\t\t\t\tpbmit-element-sticky-carousel-false\t\t\t\tpbmit-element-caroursel-dot-false\t\t\t\tpbmit-infinite-scroll-no\t\t\t\tpbmit-infinite-scroll-button-no\t\t\t\tpbminfotech-gap-default\"\r\n\t\t\t\tdata-cpt=\"miconheading\"\r\n\t\t\t\tdata-totalpagination=\"1\"\r\n\t\t\t\tdata-style=\"1\"\r\n\t\t\t\tdata-show=\"3\"\r\n\t\t\t\tdata-columns=\"4\"\r\n\t\t\t\tdata-loop=\"true\"\r\n\t\t\t\tdata-autoplay=\"false\"\r\n\t\t\t\tdata-center=\"false\"\r\n\t\t\t\tdata-nav=\"false\"\r\n\t\t\t\tdata-dots=\"false\"\r\n\t\t\t\tdata-reverse=\"false\"\r\n\t\t\t\tdata-speed=\"1000\"\r\n\t\t\t\tdata-delay=\"4000\"\r\n\t\t\t\tdata-margin=\"default\"\r\n\t\t\t\tdata-show-portion=\"false\">\r\n\t\t\t\t<div class=\"pbmit-element-inner\">\r\n\t\t\t\t\t<div class=\"pbmit-ele-header-area\">\r\n\t\t\t <div class=\"pbmit-heading-subheading pbmit-reverse-heading-yes\"><h4 class=\"pbmit-element-subtitle\"><span>\r\n\t\t\t\t<\/span>\r\n\t\t\t\t\r\n\t\t\t\t\tEnfoque\r\n\t\t\t\t\r\n\t\t\t\t<\/h4>\r\n\t\t\t<h2 class=\"pbmit-element-title\">\r\n\t\t\t\t\r\n\t\t\t\t\tNos centramos sobre todo en productos de gran impacto comercial:\r\n\t\t\t\t\r\n\t\t\t\t<\/h2>\r\n\t\t\t<\/div>\t\t<\/div>\r\n\t\t\r\n\t\t<div class=\"pbmit-element-posts-wrapper row multi-columns-row swiper-container\">\r\n\t\t\t<article class=\"pbmit-ele pbmit-ele-miconheading pbmit-miconheading-style-1 col-md-6 col-lg-4 col-xl-3\">\t\t\t\t\t\t<div class=\"pbmit-ihbox pbmit-ihbox-style-1\">\r\n\t\t\t\t\t\t\t<div class=\"pbmit-ihbox-box\">\r\n\t<div class=\"pbmit-ihbox-icon\"><div class=\"pbmit-ihbox-icon-wrapper pbmit-icon-type-icon\">\t\t\t<svg enable-background=\"new 0 0 512 512\" height=\"512\" viewbox=\"0 0 512 512\" width=\"512\" xmlns=\"http:\/\/www.w3.org\/2000\/svg\"><g id=\"_x31_0_x2C__Cargo_x2C__freighter_x2C__logistics_x2C__ship_x2C__shipping\"><g id=\"XMLID_66_\"><path id=\"XMLID_67_\" d=\"m354.307 194.992v-45.486h-98.5v45.486z\"\/><path id=\"XMLID_145_\" d=\"m161.646 53.008c0-2.761-2.239-5-5-5s-5 2.239-5 5v100.008h-32.471l-27.798 97.462h70.268c.001-15.816.001-176.131.001-197.47z\"\/><path id=\"XMLID_146_\" d=\"m335.057 250.478h98.5v-45.486c-8.679 0-85.394 0-98.5 0z\"\/><path id=\"XMLID_147_\" d=\"m462.807 194.992v-45.486h-98.5v45.486z\"\/><path id=\"XMLID_154_\" d=\"m325.057 204.992c-8.679 0-85.394 0-98.5 0v45.486h98.5z\"\/><path id=\"XMLID_155_\" d=\"m58.191 260.478v31.014h403.098l17.154-31.014c-13.123 0-398.251 0-420.252 0z\"\/><path id=\"XMLID_156_\" d=\"m455.758 301.492h-397.567v71.661h357.932z\"\/><path id=\"XMLID_157_\" d=\"m454.557 427.992c-2.761 0-5 2.238-5 5 0 11.579-9.42 21-21 21s-21-9.421-21-21c0-2.762-2.239-5-5-5s-5 2.238-5 5c0 11.579-9.42 21-21 21s-21-9.421-21-21c0-2.762-2.239-5-5-5s-5 2.238-5 5c0 11.579-9.42 21-21 21s-21-9.421-21-21c0-2.762-2.239-5-5-5s-5 2.238-5 5c0 11.579-9.42 21-21 21s-21-9.421-21-21c0-2.762-2.239-5-5-5s-5 2.238-5 5c0 11.579-9.42 21-21 21s-21-9.421-21-21c0-2.762-2.239-5-5-5s-5 2.238-5 5c0 11.579-9.42 21-21 21s-21-9.421-21-21c0-2.762-2.239-5-5-5s-5 2.238-5 5c0 11.579-9.42 21-21 21s-21-9.421-21-21c0-2.762-2.239-5-5-5s-5 2.238-5 5c0 11.579-9.42 21-21 21s-21-9.421-21-21c0-2.762-2.239-5-5-5s-5 2.238-5 5c0 17.094 13.907 31 31 31 10.883 0 20.467-5.642 26-14.149 5.533 8.508 15.117 14.149 26 14.149s20.467-5.642 26-14.149c5.533 8.508 15.117 14.149 26 14.149s20.467-5.642 26-14.149c5.533 8.508 15.117 14.149 26 14.149s20.467-5.642 26-14.149c5.533 8.508 15.117 14.149 26 14.149s20.467-5.642 26-14.149c5.533 8.508 15.117 14.149 26 14.149s20.467-5.642 26-14.149c5.533 8.508 15.117 14.149 26 14.149s20.467-5.642 26-14.149c5.533 8.508 15.117 14.149 26 14.149 17.093 0 31-13.906 31-31 0-2.762-2.239-5-5-5z\"\/><\/g><\/g><\/svg>\r\n\t\t\t<\/div><\/div>\t<h2 class=\"pbmit-element-title\">\r\n\t\t\t\t\t\t\t\t\r\n\t\t\t\t\t\t\t\t\tFertilizantes\r\n\t\t\t\t\t\t\t\t\r\n\t\t\t\t\t\t\t\t<\/h2>\r\n\t\t\t\t\t\t\t\t\t\t<div class=\"pbmit-ihbox-btn\"><a class=\"pbmit-button-inner\" href=\"https:\/\/alzak.com\/es\/categoria-servico\/fertilizantes\/\"><span class=\"pbmit-button-icon\">m\u00e1s<\/span><\/a><\/div><\/div>\r\n<div class=\"pbmit-box-number-wrap\">\r\n\t<div class=\"pbmit-ihbox-box-number\">01<\/div><\/div> \t\r\n\t\t\t\t\t\t<\/div>\r\n\t\t\t\t\t<\/article><article class=\"pbmit-ele pbmit-ele-miconheading pbmit-miconheading-style-1 col-md-6 col-lg-4 col-xl-3\">\t\t\t\t\t\t<div class=\"pbmit-ihbox pbmit-ihbox-style-1\">\r\n\t\t\t\t\t\t\t<div class=\"pbmit-ihbox-box\">\r\n\t<div class=\"pbmit-ihbox-icon\"><div class=\"pbmit-ihbox-icon-wrapper pbmit-icon-type-icon\">\t\t\t<svg enable-background=\"new 0 0 512 512\" height=\"512\" viewbox=\"0 0 512 512\" width=\"512\" xmlns=\"http:\/\/www.w3.org\/2000\/svg\"><g id=\"_x31_7_x2C__Cargo_x2C__container_x2C__freight_x2C__logistics_x2C__shipping\"><path id=\"XMLID_47_\" d=\"m440.24 222.94h-27.759l-133.724-64.194c7.691-5.959 12.052-14.645 12.052-24.008 0-2.761-2.239-5-5-5s-5 2.239-5 5c0 11.311-9.935 21.026-22.886 21.026-12.4 0-22.886-9.212-22.886-21.026 0-6.3 2.227-11.535 6.11-14.361 4.567-3.324 8.12-5.488 10.975-7.226 6.602-4.02 10.963-6.675 10.8-15.384v-25.53h17.143l18.232-22.236-84.592-.001 18.231 22.237h20.986l.001 25.623c.056 3.003.057 3.061-6.002 6.75-2.853 1.737-6.759 4.116-11.659 7.682-6.499 4.729-10.226 12.911-10.226 22.446 0 8.291 3.417 16.068 9.62 21.925l-133.35 66.277h-29.546c-15.465 0-16.152 3.397-16.152 10.465v218.126c0 6.879.719 10.469 16.152 10.469h368.48c15.433 0 16.152-3.59 16.152-10.469v-218.126c0-6.877-.719-10.465-16.152-10.465zm-195.925-59.946c7.534 3.232 15.862 3.541 23.227 1.426l121.903 58.52h-265.741zm-134.757 268.553c0 2.762-2.239 5-5 5s-5-2.238-5-5v-178.156c0-2.761 2.239-5 5-5s5 2.239 5 5zm50.481 0c0 2.762-2.239 5-5 5s-5-2.238-5-5l.001-178.156c0-2.761 2.239-5 5-5s5 2.239 5 5zm50.48 0c0 2.762-2.239 5-5 5s-5-2.238-5-5l.001-178.156c0-2.761 2.239-5 5-5s5 2.239 5 5zm50.48 0c0 2.762-2.239 5-5 5s-5-2.238-5-5l.001-178.156c0-2.761 2.239-5 5-5s5 2.239 5 5zm50.48 0c0 2.762-2.239 5-5 5s-5-2.238-5-5v-178.156c0-2.761 2.239-5 5-5s5 2.239 5 5zm50.48 0c0 2.762-2.239 5-5 5s-5-2.238-5-5l.001-178.156c0-2.761 2.239-5 5-5s5 2.239 5 5zm50.481 0c0 2.762-2.239 5-5 5s-5-2.238-5-5l.001-178.156c0-2.761 2.239-5 5-5s5 2.239 5 5z\"\/><\/g><\/svg>\r\n\t\t\t<\/div><\/div>\t<h2 class=\"pbmit-element-title\">\r\n\t\t\t\t\t\t\t\t\r\n\t\t\t\t\t\t\t\t\tMaterias primas\r\n\t\t\t\t\t\t\t\t\r\n\t\t\t\t\t\t\t\t<\/h2>\r\n\t\t\t\t\t\t\t\t\t\t<\/div>\r\n<div class=\"pbmit-box-number-wrap\">\r\n\t<div class=\"pbmit-ihbox-box-number\">02<\/div><\/div> \t\r\n\t\t\t\t\t\t<\/div>\r\n\t\t\t\t\t<\/article><article class=\"pbmit-ele pbmit-ele-miconheading pbmit-miconheading-style-1 col-md-6 col-lg-4 col-xl-3\">\t\t\t\t\t\t<div class=\"pbmit-ihbox pbmit-ihbox-style-1\">\r\n\t\t\t\t\t\t\t<div class=\"pbmit-ihbox-box\">\r\n\t<div class=\"pbmit-ihbox-icon\"><div class=\"pbmit-ihbox-icon-wrapper pbmit-icon-type-icon\">\t\t\t<svg enable-background=\"new 0 0 512 512\" height=\"512\" viewbox=\"0 0 512 512\" width=\"512\" xmlns=\"http:\/\/www.w3.org\/2000\/svg\"><g id=\"_x32_2_x2C__Factory_x2C__mill_x2C__processing_x2C__site_x2C__treatment\"><g id=\"XMLID_18_\"><path id=\"XMLID_20_\" d=\"m291.592 324.091h23.317v19.161h-23.317z\"\/><path id=\"XMLID_21_\" d=\"m330.923 384.474h69.077v81.026h-69.077z\"\/><path id=\"XMLID_22_\" d=\"m291.591 262.042h23.317v19.161h-23.317z\"\/><path id=\"XMLID_306_\" d=\"m291.593 199.994h23.317v19.161h-23.317z\"\/><path id=\"XMLID_307_\" d=\"m78.591 324.091h119.554v19.161h-119.554z\"\/><path id=\"XMLID_308_\" d=\"m173.368 72.167v-25.667h-92.702v25.667z\"\/><path id=\"XMLID_309_\" d=\"m150.305 82.167h-46.576l-24.948 178.683h96.472z\"\/><path id=\"XMLID_315_\" d=\"m78.591 388.135h119.554v19.161h-119.554z\"\/><path id=\"XMLID_316_\" d=\"m351.592 324.091h23.317v19.161h-23.317z\"\/><path id=\"XMLID_319_\" d=\"m34.208 270.85v194.65h208.923v-194.65c-21.029 0-183.824 0-208.923 0zm173.936 141.446c0 2.762-2.239 5-5 5h-129.553c-2.761 0-5-2.238-5-5v-29.161c0-2.762 2.239-5 5-5h129.554c2.761 0 5 2.238 5 5v29.161zm0-93.205v29.161c0 2.762-2.239 5-5 5h-129.553c-2.761 0-5-2.238-5-5v-29.161c0-2.762 2.239-5 5-5h129.554c2.761 0 4.999 2.238 4.999 5z\"\/><path id=\"XMLID_321_\" d=\"m351.591 262.042h23.317v19.161h-23.317z\"\/><path id=\"XMLID_324_\" d=\"m407.679 113.674v35.379c0 3.793-4.074 6.209-7.402 4.385l-72.599-39.764v35.379c0 3.791-4.071 6.211-7.402 4.385l-67.145-36.774v348.836h67.792v-86.026c0-2.762 2.239-5 5-5h79.077c2.761 0 5 2.238 5 5v86.026h67.788c.005-91.481.03-227.134-.103-313.482zm-126.088 143.368c0-2.762 2.239-5 5-5h33.317c2.761 0 5 2.238 5 5v29.161c0 2.762-2.239 5-5 5h-33.317c-2.761 0-5-2.238-5-5zm43.318 91.21c0 2.762-2.239 5-5 5h-33.317c-2.761 0-5-2.238-5-5v-29.161c0-2.762 2.239-5 5-5h33.317c2.761 0 5 2.238 5 5zm.001-124.097c0 2.761-2.239 5-5 5h-33.317c-2.761 0-5-2.239-5-5v-29.161c0-2.761 2.239-5 5-5h33.317c2.761 0 5 2.239 5 5zm16.681 32.887c0-2.762 2.239-5 5-5h33.317c2.761 0 5 2.238 5 5v29.161c0 2.762-2.239 5-5 5h-33.317c-2.761 0-5-2.238-5-5zm43.318 91.21c0 2.762-2.239 5-5 5h-33.317c-2.761 0-5-2.238-5-5v-29.161c0-2.762 2.239-5 5-5h33.317c2.761 0 5 2.238 5 5zm.001-124.097c0 2.761-2.239 5-5 5h-33.317c-2.761 0-5-2.239-5-5v-29.161c0-2.761 2.239-5 5-5h33.317c2.761 0 5 2.239 5 5zm22.095 32.887c0-2.762 2.239-5 5-5h33.317c2.761 0 5 2.238 5 5v29.161c0 2.762-2.239 5-5 5h-33.317c-2.761 0-5-2.238-5-5zm43.319 91.21c0 2.762-2.239 5-5 5h-33.317c-2.761 0-5-2.238-5-5v-29.161c0-2.762 2.239-5 5-5h33.317c2.761 0 5 2.238 5 5zm.001-124.097c0 2.761-2.239 5-5 5h-33.317c-2.761 0-5-2.239-5-5v-29.161c0-2.761 2.239-5 5-5h33.317c2.761 0 5 2.239 5 5z\"\/><path id=\"XMLID_333_\" d=\"m417.006 324.091h23.317v19.161h-23.317z\"\/><path id=\"XMLID_334_\" d=\"m417.005 262.042h23.317v19.161h-23.317z\"\/><path id=\"XMLID_335_\" d=\"m417.007 199.994h23.317v19.161h-23.317z\"\/><path id=\"XMLID_339_\" d=\"m351.593 199.994h23.317v19.161h-23.317z\"\/><\/g><\/g><\/svg>\r\n\t\t\t<\/div><\/div>\t<h2 class=\"pbmit-element-title\">\r\n\t\t\t\t\t\t\t\t\r\n\t\t\t\t\t\t\t\t\tPetroqu\u00edmica\r\n\t\t\t\t\t\t\t\t\r\n\t\t\t\t\t\t\t\t<\/h2>\r\n\t\t\t\t\t\t\t\t\t\t<\/div>\r\n<div class=\"pbmit-box-number-wrap\">\r\n\t<div class=\"pbmit-ihbox-box-number\">03<\/div><\/div> \t\r\n\t\t\t\t\t\t<\/div>\r\n\t\t\t\t\t<\/article><article class=\"pbmit-ele pbmit-ele-miconheading pbmit-miconheading-style-1 col-md-6 col-lg-4 col-xl-3\">\t\t\t\t\t\t<div class=\"pbmit-ihbox pbmit-ihbox-style-1\">\r\n\t\t\t\t\t\t\t<div class=\"pbmit-ihbox-box\">\r\n\t<div class=\"pbmit-ihbox-icon\"><div class=\"pbmit-ihbox-icon-wrapper pbmit-icon-type-icon\">\t\t\t<svg enable-background=\"new 0 0 512 512\" height=\"512\" viewbox=\"0 0 512 512\" width=\"512\" xmlns=\"http:\/\/www.w3.org\/2000\/svg\"><g id=\"_x30_2_x2C__warehouse_x2C__Box_x2C__cardboard_x2C__logistics_x2C__store\"><g id=\"XMLID_183_\"><path id=\"XMLID_185_\" d=\"m211.344 350.975h89.302v89.303h-89.302z\"\/><path id=\"XMLID_207_\" d=\"m112.052 251.673h89.292v89.302h-89.292z\"\/><path id=\"XMLID_208_\" d=\"m256 44.749-128.066 56.525h256.132z\"\/><path id=\"XMLID_209_\" d=\"m211.344 251.673h89.302v89.302h-89.302z\"\/><path id=\"XMLID_241_\" d=\"m112.052 350.975h89.292v89.303h-89.292z\"\/><path id=\"XMLID_254_\" d=\"m406.271 111.075c-1.396.385 12.305.113-300.993.199l-66.484 29.345v326.632h63.258c-.003-40.445-.021-218.777 0-278.279 0-2.761 2.239-5 5-5h297.896c2.761 0 5 2.239 5 5v278.279h63.258v-326.632z\"\/><path id=\"XMLID_255_\" d=\"m310.646 350.975h89.302v89.303h-89.302z\"\/><\/g><\/g><\/svg>\r\n\t\t\t<\/div><\/div>\t<h2 class=\"pbmit-element-title\">\r\n\t\t\t\t\t\t\t\t\r\n\t\t\t\t\t\t\t\t\tTextiles\r\n\t\t\t\t\t\t\t\t\r\n\t\t\t\t\t\t\t\t<\/h2>\r\n\t\t\t\t\t\t\t\t\t\t<\/div>\r\n<div class=\"pbmit-box-number-wrap\">\r\n\t<div class=\"pbmit-ihbox-box-number\">04<\/div><\/div> \t\r\n\t\t\t\t\t\t<\/div>\r\n\t\t\t\t\t<\/article>\t\t<\/div>\r\n\t\t\t\t\t\t<\/div><!-- .pbmit-element-inner -->\r\n\t\t\t<\/div><!-- .pbminfotech-element -->\r\n\t\t\t\t\t\t\t<\/div>\n\t\t\t\t<\/div>\n\t\t\t\t<div class=\"elementor-element elementor-element-f447bde elementor-widget__width-auto elementor-widget elementor-widget-text-editor\" data-id=\"f447bde\" data-element_type=\"widget\" data-widget_type=\"text-editor.default\">\n\t\t\t\t<div class=\"elementor-widget-container\">\n\t\t\t\t\t\t\t\t\t<p>Con una s\u00f3lida red de proveedores y compradores, conectamos mercados de forma \u00e1gil, segura y estrat\u00e9gica. Ayudamos a las empresas a comprar y vender globalmente, simplificando las negociaciones y superando las barreras comerciales y culturales.<\/p><p>A <strong>Alzak Trading<\/strong> es una organizaci\u00f3n internacional <strong>comercio en general<\/strong> con sede en <strong>Dubai<\/strong>trabajando desde <strong>2019<\/strong> como facilitador global de negocios entre Am\u00e9rica Latina, Oriente Medio y Asia - con una presencia destacada en el <strong>China<\/strong>.<\/p><p>Con una s\u00f3lida red de proveedores y compradores, conectamos los mercados de forma \u00e1gil, segura y estrat\u00e9gica. Ayudamos a las empresas a comprar y vender en todo el mundo, simplificando las negociaciones y superando las barreras comerciales y culturales.<\/p><p><strong>Alzak<\/strong> no es s\u00f3lo una empresa comercial: somos una <strong>socio fiable para la expansi\u00f3n internacional<\/strong>La empresa ofrece una visi\u00f3n general del mercado, apoyo completo en las transacciones y una relaci\u00f3n directa con los responsables de la toma de decisiones.<\/p>\t\t\t\t\t\t\t\t<\/div>\n\t\t\t\t<\/div>\n\t\t\t\t\t<\/div>\n\t\t\t\t<\/div>\n\t\t<div class=\"elementor-element elementor-element-26d8dfaf e-con-full pbmit-bg-color-over-image e-flex e-con e-parent\" data-id=\"26d8dfaf\" data-element_type=\"container\" data-settings=\"{&quot;background_background&quot;:&quot;classic&quot;}\">\n\t\t<div class=\"elementor-element elementor-element-34e4f2e6 pbmit-bg-color-over-image e-flex e-con-boxed e-con e-child\" data-id=\"34e4f2e6\" data-element_type=\"container\">\n\t\t\t\t\t<div class=\"e-con-inner\">\n\t\t\t\t<div class=\"elementor-element elementor-element-2283db6d elementor-widget elementor-widget-pbmit_heading\" data-id=\"2283db6d\" data-element_type=\"widget\" data-widget_type=\"pbmit_heading.default\">\n\t\t\t\t<div class=\"elementor-widget-container\">\n\t\t\t\t\t <div class=\"pbmit-heading-subheading pbmit-reverse-heading-yes\"><h4 class=\"pbmit-element-subtitle\"><span>\r\n\t\t\t\t<\/span>\r\n\t\t\t\t\r\n\t\t\t\t\t\n\r\n\t\t\t\t\r\n\t\t\t\t<\/h4>\r\n\t\t\t<h2 class=\"pbmit-element-title\">\r\n\t\t\t\t\r\n\t\t\t\t\tDiferenciales\r\n\t\t\t\t\r\n\t\t\t\t<\/h2>\r\n\t\t\t<\/div>\t\t\t\t<\/div>\n\t\t\t\t<\/div>\n\t\t\t\t<div class=\"elementor-element elementor-element-4b27bc7 elementor-widget elementor-widget-n-accordion\" data-id=\"4b27bc7\" data-element_type=\"widget\" data-settings=\"{&quot;n_accordion_animation_duration&quot;:{&quot;unit&quot;:&quot;ms&quot;,&quot;size&quot;:300,&quot;sizes&quot;:[]},&quot;default_state&quot;:&quot;expanded&quot;,&quot;max_items_expended&quot;:&quot;one&quot;}\" data-widget_type=\"nested-accordion.default\">\n\t\t\t\t<div class=\"elementor-widget-container\">\n\t\t\t\t\t\t\t<div class=\"e-n-accordion\" aria-label=\"Acorde\u00f3n. Abra los enlaces con Intro o Espacio, ci\u00e9rrelos con Escape y navegue con las teclas de flecha.\">\n\t\t\t\t\t\t<details id=\"e-n-accordion-item-7880\" class=\"e-n-accordion-item\" open>\n\t\t\t\t<summary class=\"e-n-accordion-item-title\" data-accordion-index=\"1\" tabindex=\"0\" aria-expanded=\"true\" aria-controls=\"e-n-accordion-item-7880\" >\n\t\t\t\t\t<span class='e-n-accordion-item-title-header'><div class=\"e-n-accordion-item-title-text\"> <h3>01<\/h3> Producci\u00f3n directa con fabricantes de Egipto <\/div><\/span>\n\t\t\t\t\t\t\t<span class='e-n-accordion-item-title-icon'>\n\t\t\t<span class='e-opened' ><i aria-hidden=\"true\" class=\"pbmit-shipex-icon pbmit-shipex-icon-levels\"><\/i><\/span>\n\t\t\t<span class='e-closed'><i aria-hidden=\"true\" class=\"pbmit-shipex-icon pbmit-shipex-icon-levels\"><\/i><\/span>\n\t\t<\/span>\n\n\t\t\t\t\t\t<\/summary>\n\t\t\t\t<div role=\"region\" aria-labelledby=\"e-n-accordion-item-7880\" class=\"elementor-element elementor-element-6ebac817 e-con-full pbmit-bg-color-over-image e-flex e-con e-child\" data-id=\"6ebac817\" data-element_type=\"container\">\n\t\t<div role=\"region\" aria-labelledby=\"e-n-accordion-item-7880\" class=\"elementor-element elementor-element-1bb1006 pbmit-bg-color-over-image e-flex e-con-boxed e-con e-child\" data-id=\"1bb1006\" data-element_type=\"container\">\n\t\t\t\t\t<div class=\"e-con-inner\">\n\t\t\t\t\t<\/div>\n\t\t\t\t<\/div>\n\t\t\t\t<\/div>\n\t\t\t\t\t<\/details>\n\t\t\t\t\t\t<details id=\"e-n-accordion-item-7881\" class=\"e-n-accordion-item\" >\n\t\t\t\t<summary class=\"e-n-accordion-item-title\" data-accordion-index=\"2\" tabindex=\"-1\" aria-expanded=\"false\" aria-controls=\"e-n-accordion-item-7881\" >\n\t\t\t\t\t<span class='e-n-accordion-item-title-header'><div class=\"e-n-accordion-item-title-text\"> <h3>02<\/h3> Normas internacionales de calidad <\/div><\/span>\n\t\t\t\t\t\t\t<span class='e-n-accordion-item-title-icon'>\n\t\t\t<span class='e-opened' ><i aria-hidden=\"true\" class=\"pbmit-shipex-icon pbmit-shipex-icon-levels\"><\/i><\/span>\n\t\t\t<span class='e-closed'><i aria-hidden=\"true\" class=\"pbmit-shipex-icon pbmit-shipex-icon-levels\"><\/i><\/span>\n\t\t<\/span>\n\n\t\t\t\t\t\t<\/summary>\n\t\t\t\t<div role=\"region\" aria-labelledby=\"e-n-accordion-item-7881\" class=\"elementor-element elementor-element-21917410 e-con-full pbmit-bg-color-over-image e-flex e-con e-child\" data-id=\"21917410\" data-element_type=\"container\">\n\t\t<div role=\"region\" aria-labelledby=\"e-n-accordion-item-7881\" class=\"elementor-element elementor-element-1fb9135a pbmit-bg-color-over-image e-flex e-con-boxed e-con e-child\" data-id=\"1fb9135a\" data-element_type=\"container\">\n\t\t\t\t\t<div class=\"e-con-inner\">\n\t\t\t\t\t<\/div>\n\t\t\t\t<\/div>\n\t\t\t\t<\/div>\n\t\t\t\t\t<\/details>\n\t\t\t\t\t\t<details id=\"e-n-accordion-item-7882\" class=\"e-n-accordion-item\" >\n\t\t\t\t<summary class=\"e-n-accordion-item-title\" data-accordion-index=\"3\" tabindex=\"-1\" aria-expanded=\"false\" aria-controls=\"e-n-accordion-item-7882\" >\n\t\t\t\t\t<span class='e-n-accordion-item-title-header'><div class=\"e-n-accordion-item-title-text\"> <h3>03<\/h3> Log\u00edstica integrada y apoyo durante las negociaciones <\/div><\/span>\n\t\t\t\t\t\t\t<span class='e-n-accordion-item-title-icon'>\n\t\t\t<span class='e-opened' ><i aria-hidden=\"true\" class=\"pbmit-shipex-icon pbmit-shipex-icon-levels\"><\/i><\/span>\n\t\t\t<span class='e-closed'><i aria-hidden=\"true\" class=\"pbmit-shipex-icon pbmit-shipex-icon-levels\"><\/i><\/span>\n\t\t<\/span>\n\n\t\t\t\t\t\t<\/summary>\n\t\t\t\t<div role=\"region\" aria-labelledby=\"e-n-accordion-item-7882\" class=\"elementor-element elementor-element-481c2887 e-con-full pbmit-bg-color-over-image e-flex e-con e-child\" data-id=\"481c2887\" data-element_type=\"container\">\n\t\t\t\t<\/div>\n\t\t\t\t\t<\/details>\n\t\t\t\t\t\t<details id=\"e-n-accordion-item-7883\" class=\"e-n-accordion-item\" >\n\t\t\t\t<summary class=\"e-n-accordion-item-title\" data-accordion-index=\"4\" tabindex=\"-1\" aria-expanded=\"false\" aria-controls=\"e-n-accordion-item-7883\" >\n\t\t\t\t\t<span class='e-n-accordion-item-title-header'><div class=\"e-n-accordion-item-title-text\"> <h3>04<\/h3> Flexibilidad para pedidos a la carta o contratos en curso <\/div><\/span>\n\t\t\t\t\t\t\t<span class='e-n-accordion-item-title-icon'>\n\t\t\t<span class='e-opened' ><i aria-hidden=\"true\" class=\"pbmit-shipex-icon pbmit-shipex-icon-levels\"><\/i><\/span>\n\t\t\t<span class='e-closed'><i aria-hidden=\"true\" class=\"pbmit-shipex-icon pbmit-shipex-icon-levels\"><\/i><\/span>\n\t\t<\/span>\n\n\t\t\t\t\t\t<\/summary>\n\t\t\t\t<div role=\"region\" aria-labelledby=\"e-n-accordion-item-7883\" class=\"elementor-element elementor-element-5b791105 e-con-full pbmit-bg-color-over-image e-flex e-con e-child\" data-id=\"5b791105\" data-element_type=\"container\">\n\t\t\t\t<\/div>\n\t\t\t\t\t<\/details>\n\t\t\t\t\t<\/div>\n\t\t\t\t\t\t<\/div>\n\t\t\t\t<\/div>\n\t\t\t\t\t<\/div>\n\t\t\t\t<\/div>\n\t\t\t\t<\/div>\n\t\t<div class=\"elementor-element elementor-element-244c330 pbmit-bg-color-over-image e-flex e-con-boxed e-con e-parent\" data-id=\"244c330\" data-element_type=\"container\">\n\t\t\t\t\t<div class=\"e-con-inner\">\n\t\t<div class=\"elementor-element elementor-element-0119329 e-con-full pbmit-bg-color-over-image e-flex e-con e-child\" data-id=\"0119329\" data-element_type=\"container\">\n\t\t\t\t<div class=\"elementor-element elementor-element-cf80994 elementor-widget elementor-widget-pbmit_heading\" data-id=\"cf80994\" data-element_type=\"widget\" data-widget_type=\"pbmit_heading.default\">\n\t\t\t\t<div class=\"elementor-widget-container\">\n\t\t\t\t\t <div class=\"pbmit-heading-subheading pbmit-reverse-heading-yes\"><h4 class=\"pbmit-element-subtitle\"><span>\r\n\t\t\t\t<\/span>\r\n\t\t\t\t\r\n\t\t\t\t\tImportar ahora\r\n\t\t\t\t\r\n\t\t\t\t<\/h4>\r\n\t\t\t<h2 class=\"pbmit-element-title\">\r\n\t\t\t\t\r\n\t\t\t\t\t\u00bfQuiere importar de Egipto con seguridad y a un precio competitivo?\r\n\t\t\t\t\r\n\t\t\t\t<\/h2>\r\n\t\t\t<div class=\"pbmit-heading-desc\">Hable con Alzak y descubra c\u00f3mo podemos ofrecer calidad y valor en cada pieza.<\/div><\/div>\t\t\t\t<\/div>\n\t\t\t\t<\/div>\n\t\t\t\t<\/div>\n\t\t\t\t\t<\/div>\n\t\t\t\t<\/div>\n\t\t\t\t<\/div>","protected":false},"excerpt":{"rendered":"<p>Somos a Alzak Trading uma empresa internacional de com\u00e9rcio geral (general trading) com sede em Dubai. atuando desde 2019 como facilitadora de neg\u00f3cios globais entre Am\u00e9rica Latina, Oriente M\u00e9dio e \u00c1sia \u2014 com presen\u00e7a destacada na China. Foco Nosso foco est\u00e1 em produtos de alto impacto comercial, com destaque para: Fertilizantes mais 01 Commodities 02 [&hellip;]<\/p>","protected":false},"author":1,"featured_media":0,"parent":0,"menu_order":5,"comment_status":"closed","ping_status":"closed","template":"","meta":{"_acf_changed":false,"pagelayer_contact_templates":[],"_pagelayer_content":"","inline_featured_image":false,"footnotes":""},"class_list":["post-76","page","type-page","status-publish","hentry"],"acf":[],"_links":{"self":[{"href":"https:\/\/alzak.com\/es\/wp-json\/wp\/v2\/pages\/76","targetHints":{"allow":["GET"]}}],"collection":[{"href":"https:\/\/alzak.com\/es\/wp-json\/wp\/v2\/pages"}],"about":[{"href":"https:\/\/alzak.com\/es\/wp-json\/wp\/v2\/types\/page"}],"author":[{"embeddable":true,"href":"https:\/\/alzak.com\/es\/wp-json\/wp\/v2\/users\/1"}],"replies":[{"embeddable":true,"href":"https:\/\/alzak.com\/es\/wp-json\/wp\/v2\/comments?post=76"}],"version-history":[{"count":0,"href":"https:\/\/alzak.com\/es\/wp-json\/wp\/v2\/pages\/76\/revisions"}],"wp:attachment":[{"href":"https:\/\/alzak.com\/es\/wp-json\/wp\/v2\/media?parent=76"}],"curies":[{"name":"wp","href":"https:\/\/api.w.org\/{rel}","templated":true}]}}