{"id":71,"date":"2025-02-01T05:17:46","date_gmt":"2025-02-01T05:17:46","guid":{"rendered":"http:\/\/shipex-demo.pbminfotech.com\/demo1\/?page_id=7427"},"modified":"2025-07-02T16:51:01","modified_gmt":"2025-07-02T16:51:01","slug":"contatos","status":"publish","type":"page","link":"https:\/\/alzak.com\/es\/contatos\/","title":{"rendered":"Contacto"},"content":{"rendered":"<div data-elementor-type=\"wp-page\" data-elementor-id=\"71\" class=\"elementor elementor-71\" data-elementor-post-type=\"page\">\n\t\t\t\t<div class=\"elementor-element elementor-element-2b0c692 pbmit-bg-color-over-image e-flex e-con-boxed e-con e-parent\" data-id=\"2b0c692\" data-element_type=\"container\">\n\t\t\t\t\t<div class=\"e-con-inner\">\n\t\t\t\t<div class=\"elementor-element elementor-element-45b462d elementor-widget elementor-widget-pbmit_multiple_icon_heading\" data-id=\"45b462d\" data-element_type=\"widget\" data-widget_type=\"pbmit_multiple_icon_heading.default\">\n\t\t\t\t<div class=\"elementor-widget-container\">\n\t\t\t\t\t\t\t\t<div class=\"pbminfotech-element\t\t\t\tpbminfotech-element-miconheading\t\t\t\tpbmit-element-miconheading-style-5\t\t\t\tpbmit-element-viewtype-row-column\t\t\t\tpbmit-element-column-four\t\t\t\tpbmit-element-sticky-carousel-false\t\t\t\tpbmit-element-caroursel-dot-false\t\t\t\tpbmit-infinite-scroll-no\t\t\t\tpbmit-infinite-scroll-button-no\t\t\t\tpbminfotech-gap-default\"\r\n\t\t\t\tdata-cpt=\"miconheading\"\r\n\t\t\t\tdata-totalpagination=\"1\"\r\n\t\t\t\tdata-style=\"5\"\r\n\t\t\t\tdata-show=\"3\"\r\n\t\t\t\tdata-columns=\"4\"\r\n\t\t\t\tdata-loop=\"false\"\r\n\t\t\t\tdata-autoplay=\"false\"\r\n\t\t\t\tdata-center=\"false\"\r\n\t\t\t\tdata-nav=\"false\"\r\n\t\t\t\tdata-dots=\"false\"\r\n\t\t\t\tdata-reverse=\"false\"\r\n\t\t\t\tdata-speed=\"1000\"\r\n\t\t\t\tdata-delay=\"4000\"\r\n\t\t\t\tdata-margin=\"default\"\r\n\t\t\t\tdata-show-portion=\"false\">\r\n\t\t\t\t<div class=\"pbmit-element-inner\">\r\n\t\t\t\t\t<div class=\"pbmit-ele-header-area\">\r\n\t\t\t <div class=\"pbmit-heading-subheading\"><\/div>\t\t<\/div>\r\n\t\t\r\n\t\t<div class=\"pbmit-element-posts-wrapper row multi-columns-row\">\r\n\t\t\t<article class=\"pbmit-ele pbmit-ele-miconheading pbmit-miconheading-style-5 col-md-6 col-lg-4 col-xl-3\">\t\t\t\t\t\t<div class=\"pbmit-ihbox pbmit-ihbox-style-5\">\r\n\t\t\t\t\t\t\t<div class=\"pbmit-ihbox-headingicon\">\r\n\t<div class=\"pbmit-ihbox-wrap\">\r\n\t\t<div class=\"pbmit-ihbox-contents\">\r\n\t\t\t\t\t\t\t\t\t<h2 class=\"pbmit-element-title\">\r\n\t\t\t\t\t\t\t\t\r\n\t\t\t\t\t\t\t\t\tCorreo electr\u00f3nico 24\/7\r\n\t\t\t\t\t\t\t\t\r\n\t\t\t\t\t\t\t\t<\/h2>\r\n\t\t\t\t\t\t\t\t\t\t<div class=\"pbmit-heading-desc\">alzak@alzak.com <br>\n<\/div>\t\t<\/div><!-- .pbmit-ihbox-contents -->\r\n\t\t<div class=\"pbmit-ihbox-icon\"><div class=\"pbmit-ihbox-icon-wrapper pbmit-icon-type-icon\">\t\t\t<svg height=\"512\" viewbox=\"0 0 32 32\" width=\"512\" xmlns=\"http:\/\/www.w3.org\/2000\/svg\"><g id=\"Layer_34\" data-name=\"Layer 34\"><path d=\"m30 9v14a3 3 0 0 1 -3 3h-22a3 3 0 0 1 -3-3v-14a2.87 2.87 0 0 1 .19-1l12.15 8.1a3 3 0 0 0 3.32 0l12.15-8.1a2.87 2.87 0 0 1 .19 1zm-13.45 5.43 12-8a3 3 0 0 0 -1.55-.43h-22a3 3 0 0 0 -1.54.44l12 8a1 1 0 0 0 1.09-.01z\"\/><\/g><\/svg>\r\n\t\t\t<\/div><\/div>\t<\/div>\r\n\t<div class=\"pbmit-btn-wrap\">\r\n\t\t<div class=\"pbmit-ihbox-btn\"><a class=\"pbmit-button-inner\" href=\"http:\/\/shipex-demo.pbminfotech.com\/datasite\/about-us\/\"><span class=\"pbmit-button-icon\">Seguir leyendo<\/span><\/a><\/div>\t<\/div>\r\n<\/div> \t\r\n\t\t\t\t\t\t<\/div>\r\n\t\t\t\t\t<\/article><article class=\"pbmit-ele pbmit-ele-miconheading pbmit-miconheading-style-5 col-md-6 col-lg-4 col-xl-3\">\t\t\t\t\t\t<div class=\"pbmit-ihbox pbmit-ihbox-style-5\">\r\n\t\t\t\t\t\t\t<div class=\"pbmit-ihbox-headingicon\">\r\n\t<div class=\"pbmit-ihbox-wrap\">\r\n\t\t<div class=\"pbmit-ihbox-contents\">\r\n\t\t\t\t\t\t\t\t\t<h2 class=\"pbmit-element-title\">\r\n\t\t\t\t\t\t\t\t\r\n\t\t\t\t\t\t\t\t\tOficina de Brasil\r\n\t\t\t\t\t\t\t\t\r\n\t\t\t\t\t\t\t\t<\/h2>\r\n\t\t\t\t\t\t\t\t\t\t<div class=\"pbmit-heading-desc\">+55 47 99661 6930<\/div>\t\t<\/div><!-- .pbmit-ihbox-contents -->\r\n\t\t<div class=\"pbmit-ihbox-icon\"><div class=\"pbmit-ihbox-icon-wrapper pbmit-icon-type-icon\">\t\t\t<svg id=\"glyph\" height=\"512\" viewbox=\"0 0 64 64\" width=\"512\" xmlns=\"http:\/\/www.w3.org\/2000\/svg\"><path d=\"m59.96 49.01a4.62953 4.62953 0 0 0 -2.75-3.78c-2.31-1.03-6.61-2.91-9.39-3.95-4.45-1.66-6.29.68-6.38.8-.02.03-1.81 2.46-4.08 2.89-1.31.26-6.72-4-10.9-8.11-5.72-6.08-7.58-9.45-7.43-10.22.43-2.27 2.86-4.07 2.91-4.1.1-.07 2.44-1.92.78-6.37-1.03-2.77-2.92-7.07-3.95-9.38-1.5764-3.4361-5.5521-3.29475-8.68-1.73993-8.7274 6.65643-9.34882 21.56059 7.29029 39.04981 11.36282 11.06264 19.38064 15.59555 28.57961 15.88034 8.9001-.00022 12.9401-5.98022 12.9901-6.06022a9.325 9.325 0 0 0 1.01-4.91z\"\/><path d=\"m31.8667 23.2832a9.01535 9.01535 0 0 1 7.90864 7.9078.99981.99981 0 0 0 1.98636-.22667 11.02563 11.02563 0 0 0 -9.6685-9.66833 1.00005 1.00005 0 1 0 -.2265 1.98724z\"\/><path d=\"m32.41748 18.34473a14.00139 14.00139 0 0 1 12.29533 12.29548 1.00016 1.00016 0 0 0 1.98835-.215 16.0126 16.0126 0 0 0 -14.06892-14.06867 1.00007 1.00007 0 0 0 -.21476 1.98819z\"\/><path d=\"m32.96729 13.39648a19.0343 19.0343 0 0 1 16.69371 16.69346 1.00056 1.00056 0 0 0 1.98837-.22184 21.046 21.046 0 0 0 -18.46003-18.4588 1 1 0 0 0 -.22205 1.98718z\"\/><\/svg>\r\n\t\t\t<\/div><\/div>\t<\/div>\r\n\t<div class=\"pbmit-btn-wrap\">\r\n\t\t<div class=\"pbmit-ihbox-btn\"><a class=\"pbmit-button-inner\" href=\"http:\/\/shipex-demo.pbminfotech.com\/datasite\/about-us\/\"><span class=\"pbmit-button-icon\">Seguir leyendo<\/span><\/a><\/div>\t<\/div>\r\n<\/div> \t\r\n\t\t\t\t\t\t<\/div>\r\n\t\t\t\t\t<\/article><article class=\"pbmit-ele pbmit-ele-miconheading pbmit-miconheading-style-5 col-md-6 col-lg-4 col-xl-3\">\t\t\t\t\t\t<div class=\"pbmit-ihbox pbmit-ihbox-style-5\">\r\n\t\t\t\t\t\t\t<div class=\"pbmit-ihbox-headingicon\">\r\n\t<div class=\"pbmit-ihbox-wrap\">\r\n\t\t<div class=\"pbmit-ihbox-contents\">\r\n\t\t\t\t\t\t\t\t\t<h2 class=\"pbmit-element-title\">\r\n\t\t\t\t\t\t\t\t\r\n\t\t\t\t\t\t\t\t\tOficina de Egipto\r\n\t\t\t\t\t\t\t\t\r\n\t\t\t\t\t\t\t\t<\/h2>\r\n\t\t\t\t\t\t\t\t\t\t<div class=\"pbmit-heading-desc\">+971 54 369 3966<\/div>\t\t<\/div><!-- .pbmit-ihbox-contents -->\r\n\t\t<div class=\"pbmit-ihbox-icon\"><div class=\"pbmit-ihbox-icon-wrapper pbmit-icon-type-icon\">\t\t\t<svg id=\"glyph\" height=\"512\" viewbox=\"0 0 64 64\" width=\"512\" xmlns=\"http:\/\/www.w3.org\/2000\/svg\"><path d=\"m59.96 49.01a4.62953 4.62953 0 0 0 -2.75-3.78c-2.31-1.03-6.61-2.91-9.39-3.95-4.45-1.66-6.29.68-6.38.8-.02.03-1.81 2.46-4.08 2.89-1.31.26-6.72-4-10.9-8.11-5.72-6.08-7.58-9.45-7.43-10.22.43-2.27 2.86-4.07 2.91-4.1.1-.07 2.44-1.92.78-6.37-1.03-2.77-2.92-7.07-3.95-9.38-1.5764-3.4361-5.5521-3.29475-8.68-1.73993-8.7274 6.65643-9.34882 21.56059 7.29029 39.04981 11.36282 11.06264 19.38064 15.59555 28.57961 15.88034 8.9001-.00022 12.9401-5.98022 12.9901-6.06022a9.325 9.325 0 0 0 1.01-4.91z\"\/><path d=\"m31.8667 23.2832a9.01535 9.01535 0 0 1 7.90864 7.9078.99981.99981 0 0 0 1.98636-.22667 11.02563 11.02563 0 0 0 -9.6685-9.66833 1.00005 1.00005 0 1 0 -.2265 1.98724z\"\/><path d=\"m32.41748 18.34473a14.00139 14.00139 0 0 1 12.29533 12.29548 1.00016 1.00016 0 0 0 1.98835-.215 16.0126 16.0126 0 0 0 -14.06892-14.06867 1.00007 1.00007 0 0 0 -.21476 1.98819z\"\/><path d=\"m32.96729 13.39648a19.0343 19.0343 0 0 1 16.69371 16.69346 1.00056 1.00056 0 0 0 1.98837-.22184 21.046 21.046 0 0 0 -18.46003-18.4588 1 1 0 0 0 -.22205 1.98718z\"\/><\/svg>\r\n\t\t\t<\/div><\/div>\t<\/div>\r\n\t<div class=\"pbmit-btn-wrap\">\r\n\t\t<div class=\"pbmit-ihbox-btn\"><a class=\"pbmit-button-inner\" href=\"http:\/\/shipex-demo.pbminfotech.com\/datasite\/about-us\/\"><span class=\"pbmit-button-icon\">Seguir leyendo<\/span><\/a><\/div>\t<\/div>\r\n<\/div> \t\r\n\t\t\t\t\t\t<\/div>\r\n\t\t\t\t\t<\/article><article class=\"pbmit-ele pbmit-ele-miconheading pbmit-miconheading-style-5 col-md-6 col-lg-4 col-xl-3\">\t\t\t\t\t\t<div class=\"pbmit-ihbox pbmit-ihbox-style-5\">\r\n\t\t\t\t\t\t\t<div class=\"pbmit-ihbox-headingicon\">\r\n\t<div class=\"pbmit-ihbox-wrap\">\r\n\t\t<div class=\"pbmit-ihbox-contents\">\r\n\t\t\t\t\t\t\t\t\t<h2 class=\"pbmit-element-title\">\r\n\t\t\t\t\t\t\t\t\r\n\t\t\t\t\t\t\t\t\tUbicaci\u00f3n\r\n\t\t\t\t\t\t\t\t\r\n\t\t\t\t\t\t\t\t<\/h2>\r\n\t\t\t\t\t\t\t\t\t\t<div class=\"pbmit-heading-desc\">- 1804 Edificio Rey Hamid Sult\u00e1n Hamid Ben Moizah<br>\n- Deirah - Dubai - Emiratos \u00c1rabes Unidos. <br>\n- Pa\u00eds: Emiratos \u00c1rabes Unidos.\n<br><\/div>\t\t<\/div><!-- .pbmit-ihbox-contents -->\r\n\t\t<div class=\"pbmit-ihbox-icon\"><div class=\"pbmit-ihbox-icon-wrapper pbmit-icon-type-icon\">\t\t\t<svg enable-background=\"new 0 0 512 512\" viewbox=\"0 0 512 512\" xmlns=\"http:\/\/www.w3.org\/2000\/svg\"><g id=\"_x34_3_Location\"><g><path d=\"m256.058 504.533c-73.993 0-131.957-30.2-131.957-68.757 0-23.918 22.7-45.63 60.726-58.091 3.808-1.249 7.889.825 9.134 4.628 1.244 3.799-.829 7.889-4.628 9.134-31.303 10.255-50.753 27.241-50.753 44.33 0 29.423 53.798 54.279 117.479 54.279 63.639 0 117.404-24.856 117.404-54.279 0-17.089-19.45-34.074-50.758-44.33-3.799-1.244-5.872-5.335-4.628-9.134 1.244-3.794 5.316-5.877 9.134-4.628 38.029 12.456 60.731 34.173 60.731 58.091-.002 38.556-57.933 68.757-131.884 68.757z\"\/><path d=\"m256.058 472.221c-2.394 0-4.746-.038-7.065-.156-41.493-1.918-71.636-19.714-71.636-42.317 0-11.382 7.724-21.939 21.745-29.724 3.497-1.937 7.899-.679 9.845 2.814 1.942 3.497.679 7.904-2.814 9.845-9.087 5.043-14.299 11.264-14.299 17.065 0 12.164 23.254 26.256 57.865 27.858 4.185.212 8.417.217 12.602 0 34.654-1.569 57.903-15.67 57.903-27.858 0-5.802-5.212-12.023-14.299-17.065-3.492-1.942-4.755-6.348-2.814-9.845 1.946-3.497 6.344-4.751 9.845-2.814 14.021 7.786 21.745 18.343 21.745 29.724 0 22.641-30.149 40.437-71.679 42.317-2.273.118-4.587.156-6.944.156z\"\/><g><path d=\"m256.024 7.467c-84.07 0-152.454 68.384-152.454 152.406 0 81.849 140.872 251.629 146.904 258.82 1.351 1.641 3.378 2.606 5.55 2.606 2.123 0 4.199-.966 5.55-2.606 5.984-7.191 146.856-176.971 146.856-258.82 0-84.021-68.336-152.406-152.406-152.406zm0 103.615c30.114 0 54.63 24.468 54.63 54.63 0 30.114-24.516 54.582-54.63 54.582-30.115 0-54.631-24.468-54.631-54.582.001-30.162 24.517-54.63 54.631-54.63z\"\/><\/g><\/g><\/g><g id=\"Layer_1\"\/><\/svg>\r\n\t\t\t<\/div><\/div>\t<\/div>\r\n\t<div class=\"pbmit-btn-wrap\">\r\n\t\t<div class=\"pbmit-ihbox-btn\"><a class=\"pbmit-button-inner\" href=\"http:\/\/shipex-demo.pbminfotech.com\/datasite\/about-us\/\"><span class=\"pbmit-button-icon\">Seguir leyendo<\/span><\/a><\/div>\t<\/div>\r\n<\/div> \t\r\n\t\t\t\t\t\t<\/div>\r\n\t\t\t\t\t<\/article>\t\t<\/div>\r\n\t\t\t\t\t\t<\/div><!-- .pbmit-element-inner -->\r\n\t\t\t<\/div><!-- .pbminfotech-element -->\r\n\t\t\t\t\t\t\t<\/div>\n\t\t\t\t<\/div>\n\t\t\t\t\t<\/div>\n\t\t\t\t<\/div>\n\t\t<div class=\"elementor-element elementor-element-f54a656 pbmit-bg-color-over-image e-flex e-con-boxed e-con e-parent\" data-id=\"f54a656\" data-element_type=\"container\">\n\t\t\t\t\t<div class=\"e-con-inner\">\n\t\t<div class=\"elementor-element elementor-element-42460a3 e-con-full pbmit-bg-color-over-image e-flex e-con e-child\" data-id=\"42460a3\" data-element_type=\"container\">\n\t\t\t\t<div class=\"elementor-element elementor-element-94ee7f9 elementor-widget elementor-widget-pbmit_heading\" data-id=\"94ee7f9\" data-element_type=\"widget\" data-widget_type=\"pbmit_heading.default\">\n\t\t\t\t<div class=\"elementor-widget-container\">\n\t\t\t\t\t <div class=\"pbmit-heading-subheading pbmit-reverse-heading-yes\"><h4 class=\"pbmit-element-subtitle\"><span>\r\n\t\t\t\t<\/span>\r\n\t\t\t\t\r\n\t\t\t\t\tP\u00f3ngase en contacto con nosotros\r\n\t\t\t\t\r\n\t\t\t\t<\/h4>\r\n\t\t\t<h2 class=\"pbmit-element-title\">\r\n\t\t\t\t\r\n\t\t\t\t\tRellene nuestro formulario\r\n\t\t\t\t\r\n\t\t\t\t<\/h2>\r\n\t\t\t<div class=\"pbmit-heading-desc\">Uno de nuestros\nespecialistas se pondr\u00e1 en contacto con usted\ny se ocupar\u00e1 de sus peticiones.<\/div><\/div>\t\t\t\t<\/div>\n\t\t\t\t<\/div>\n\t\t\t\t<div class=\"elementor-element elementor-element-1102019 pbmit-contact-lumonicity pbmit-animation-none elementor-widget elementor-widget-image\" data-id=\"1102019\" data-element_type=\"widget\" data-widget_type=\"image.default\">\n\t\t\t\t<div class=\"elementor-widget-container\">\n\t\t\t\t\t\t\t\t\t\t\t\t\t\t\t<img fetchpriority=\"high\" decoding=\"async\" width=\"391\" height=\"261\" src=\"https:\/\/alzak.com\/wp-content\/uploads\/2024\/12\/contact-bg-img.png\" class=\"attachment-full size-full wp-image-50\" alt=\"contact-bg-img\" srcset=\"https:\/\/alzak.com\/wp-content\/uploads\/2024\/12\/contact-bg-img.png 391w, https:\/\/alzak.com\/wp-content\/uploads\/2024\/12\/contact-bg-img-300x200.png 300w\" sizes=\"(max-width: 391px) 100vw, 391px\" \/>\t\t\t\t\t\t\t\t\t\t\t\t\t\t\t<\/div>\n\t\t\t\t<\/div>\n\t\t\t\t<\/div>\n\t\t<div class=\"elementor-element elementor-element-9efa2d7 e-con-full pbmit-bg-color-yes pbmit-elementor-bg-color-white pbmit-bg-color-over-image e-flex e-con e-child\" data-id=\"9efa2d7\" data-element_type=\"container\">\n\t\t\t\t<div class=\"elementor-element elementor-element-68d7200 elementor-widget elementor-widget-pbmit_custom_heading\" data-id=\"68d7200\" data-element_type=\"widget\" data-widget_type=\"pbmit_custom_heading.default\">\n\t\t\t\t<div class=\"elementor-widget-container\">\n\t\t\t\t\t\t<div class=\"pbmit-custom-heading -align\"><h2 class=\"pbmit-element-title\">\r\n\t\t\t\t\r\n\t\t\t\t\tEnv\u00ede su mensaje\r\n\t\t\t\t\r\n\t\t\t\t<\/h2>\r\n\t\t\t<\/div>\t\t\t\t<\/div>\n\t\t\t\t<\/div>\n\t\t\t\t<div class=\"elementor-element elementor-element-27369e8 elementor-widget elementor-widget-text-editor\" data-id=\"27369e8\" data-element_type=\"widget\" data-widget_type=\"text-editor.default\">\n\t\t\t\t<div class=\"elementor-widget-container\">\n\t\t\t\t\t\t\t\t\t<p>Su direcci\u00f3n de correo electr\u00f3nico no se publicar\u00e1. Los campos obligatorios est\u00e1n marcados con *.<\/p>\t\t\t\t\t\t\t\t<\/div>\n\t\t\t\t<\/div>\n\t\t\t\t<div class=\"elementor-element elementor-element-86e6223 elementor-widget elementor-widget-shortcode\" data-id=\"86e6223\" data-element_type=\"widget\" data-widget_type=\"shortcode.default\">\n\t\t\t\t<div class=\"elementor-widget-container\">\n\t\t\t\t\t\t\t<div class=\"elementor-shortcode\"><p class=\"wpcf7-contact-form-not-found\"><strong>Error:<\/strong> No se ha encontrado el formulario de contacto.<\/p><\/div>\n\t\t\t\t\t\t<\/div>\n\t\t\t\t<\/div>\n\t\t\t\t<\/div>\n\t\t\t\t\t<\/div>\n\t\t\t\t<\/div>\n\t\t<div class=\"elementor-element elementor-element-b293082 e-con-full pbmit-bg-color-over-image e-flex e-con e-parent\" data-id=\"b293082\" data-element_type=\"container\">\n\t\t<div class=\"elementor-element elementor-element-1980276 e-con-full pbmit-bg-color-over-image e-flex e-con e-child\" data-id=\"1980276\" data-element_type=\"container\">\n\t\t\t\t<div class=\"elementor-element elementor-element-2f8f229 elementor-widget-divider--view-line elementor-widget elementor-widget-divider\" data-id=\"2f8f229\" data-element_type=\"widget\" data-widget_type=\"divider.default\">\n\t\t\t\t<div class=\"elementor-widget-container\">\n\t\t\t\t\t\t\t<div class=\"elementor-divider\">\n\t\t\t<span class=\"elementor-divider-separator\">\n\t\t\t\t\t\t<\/span>\n\t\t<\/div>\n\t\t\t\t\t\t<\/div>\n\t\t\t\t<\/div>\n\t\t\t\t<div class=\"elementor-element elementor-element-c8f0c84 elementor-widget elementor-widget-google_maps\" data-id=\"c8f0c84\" data-element_type=\"widget\" data-widget_type=\"google_maps.default\">\n\t\t\t\t<div class=\"elementor-widget-container\">\n\t\t\t\t\t\t\t<div class=\"elementor-custom-embed\">\n\t\t\t<iframe loading=\"lazy\"\n\t\t\t\t\tsrc=\"https:\/\/maps.google.com\/maps?q=Av.%20Rolf%20Wiest%2C%20277%20Sala%20618%20-%20Bom%20Retiro%2C%20Joinville%20-%20SC%2C%2089223-005&#038;t=m&#038;z=10&#038;output=embed&#038;iwloc=near\"\n\t\t\t\t\ttitle=\"Av. Rolf Wiest, 277 Sala 618 - Bom Retiro, Joinville - SC, 89223-005\"\n\t\t\t\t\taria-label=\"Av. Rolf Wiest, 277 Sala 618 - Bom Retiro, Joinville - SC, 89223-005\"\n\t\t\t><\/iframe>\n\t\t<\/div>\n\t\t\t\t\t\t<\/div>\n\t\t\t\t<\/div>\n\t\t\t\t<\/div>\n\t\t\t\t<\/div>\n\t\t\t\t<\/div>","protected":false},"excerpt":{"rendered":"<p>E-mail 24\/7 alzak@alzak.com Read More Escrit\u00f3rio Brasil +55 47 99661 6930 Read More Escrit\u00f3rio Egito +971 54 369 3966 Read More Localiza\u00e7\u00e3o &#8211; Edif\u00edcio 1804 King Hamid Sultan Hamid Ben Moizah &#8211; Deirah &#8211; Dubai &#8211; Emirados \u00c1rabes Unidos. &#8211; Pa\u00eds: Emirados \u00c1rabes Unidos. Read More Fale conosco Preencha nosso formul\u00e1rio Em breve um de [&hellip;]<\/p>","protected":false},"author":1,"featured_media":0,"parent":0,"menu_order":36,"comment_status":"closed","ping_status":"closed","template":"","meta":{"_acf_changed":false,"pagelayer_contact_templates":[],"_pagelayer_content":"","inline_featured_image":false,"footnotes":""},"class_list":["post-71","page","type-page","status-publish","hentry"],"acf":[],"_links":{"self":[{"href":"https:\/\/alzak.com\/es\/wp-json\/wp\/v2\/pages\/71","targetHints":{"allow":["GET"]}}],"collection":[{"href":"https:\/\/alzak.com\/es\/wp-json\/wp\/v2\/pages"}],"about":[{"href":"https:\/\/alzak.com\/es\/wp-json\/wp\/v2\/types\/page"}],"author":[{"embeddable":true,"href":"https:\/\/alzak.com\/es\/wp-json\/wp\/v2\/users\/1"}],"replies":[{"embeddable":true,"href":"https:\/\/alzak.com\/es\/wp-json\/wp\/v2\/comments?post=71"}],"version-history":[{"count":0,"href":"https:\/\/alzak.com\/es\/wp-json\/wp\/v2\/pages\/71\/revisions"}],"wp:attachment":[{"href":"https:\/\/alzak.com\/es\/wp-json\/wp\/v2\/media?parent=71"}],"curies":[{"name":"wp","href":"https:\/\/api.w.org\/{rel}","templated":true}]}}